{"id":2,"date":"2024-10-15T11:49:55","date_gmt":"2024-10-15T11:49:55","guid":{"rendered":"https:\/\/nova-media.tv\/home\/nova-media\/public_html\/?page_id=2"},"modified":"2025-12-06T10:45:14","modified_gmt":"2025-12-06T10:45:14","slug":"legal-notices","status":"publish","type":"page","link":"https:\/\/nova-media.tv\/fr\/legal-notices\/","title":{"rendered":"Mentions Legales"},"content":{"rendered":"<div data-elementor-type=\"wp-page\" data-elementor-id=\"2\" class=\"elementor elementor-2\">\n\t\t\t\t<div class=\"elementor-element elementor-element-10d8bd4b e-flex e-con-boxed e-con e-parent\" data-id=\"10d8bd4b\" data-element_type=\"container\">\n\t\t\t\t\t<div class=\"e-con-inner\">\n\t\t\t\t<div class=\"elementor-element elementor-element-11fa5a6d elementor-widget elementor-widget-text-editor\" data-id=\"11fa5a6d\" data-element_type=\"widget\" data-widget_type=\"text-editor.default\">\n\t\t\t\t<div class=\"elementor-widget-container\">\n\t\t\t\t\t\t\t<h1 style=\"text-align: center;\"><span style=\"color: #333399;\">Mentions Legales<\/span><\/h1><p><span style=\"color: #333399;\"><b>RAISON SOCIALE<\/b><\/span><b><br \/><\/b><span style=\"font-weight: 400;\">NOVA MEDIA est une soci\u00e9t\u00e9 par actions simplifi\u00e9e (SAS) avec un capital social de 10000euros.<\/span><span style=\"font-weight: 400;\"><br \/><\/span><span style=\"font-weight: 400;\">Si\u00e8ge social :  G7 PROM,<\/span><span style=\"font-weight: 400;\"><br \/><\/span><span style=\"font-weight: 400;\">7 Promenade des Anglais<\/span><span style=\"font-weight: 400;\"><br \/><\/span><span style=\"font-weight: 400;\">06000 Nice.<\/span><span style=\"font-weight: 400;\"><br \/><\/span><span style=\"font-weight: 400;\">T\u00e9l: +33 9 78 80 30 65<\/span><span style=\"font-weight: 400;\"><br \/><\/span><span style=\"font-weight: 400;\">Email: contact@nova-media.tv<\/span><span style=\"font-weight: 400;\"><br \/><\/span><span style=\"font-weight: 400;\">La soci\u00e9t\u00e9 est inscrite au Registre de Commerce de Nice sous le num\u00e9ro SIRET 980129068 00014 et TVA Intracommunautaire : FR26980129068<\/span><span style=\"font-weight: 400;\"><br \/><\/span><span style=\"font-weight: 400;\">La soci\u00e9t\u00e9 est repr\u00e9sent\u00e9e par la SAS Nova Azur Technology, avec le si\u00e8ge social : 5 rue Biscarra, 06000 Nice, en qualit\u00e9 de Pr\u00e9sidente.<\/span><\/p><p><span style=\"color: #333399;\"><b>H\u00c9BERGEMENT DU SITE<\/b><\/span><b><br \/><\/b><span style=\"font-weight: 400;\">Le site internet de la soci\u00e9t\u00e9 NOVA MEDIA est h\u00e9berg\u00e9 par :<\/span><span style=\"font-weight: 400;\"><br \/><\/span><span style=\"font-weight: 400;\">Scaleway &#8211; BookMyName<\/span><span style=\"font-weight: 400;\"><br \/><\/span><span style=\"font-weight: 400;\">8 rue de la Ville l&#8217;Ev\u00eaque<\/span><span style=\"font-weight: 400;\"><br \/><\/span><span style=\"font-weight: 400;\">75008 PARIS &#8211; France<\/span><\/p><p><span style=\"color: #333399;\"><b>CR\u00c9DITS PHOTOS<\/b><\/span><b><br \/><\/b><span style=\"font-weight: 400;\">Tous droits r\u00e9serv\u00e9s sur les photos et images.<\/span><span style=\"font-weight: 400;\"><br \/><\/span><span style=\"font-weight: 400;\">Certains \u00e9l\u00e9ments visuels peuvent \u00e9galement provenir de banques d\u2019image photos libres de droits.<\/span><span style=\"font-weight: 400;\"><br \/><\/span><span style=\"font-weight: 400;\">Photos non contractuelles.<\/span><\/p><p><span style=\"color: #333399;\"><b>DROIT APPLICABLE<\/b><\/span><b><br \/><\/b><span style=\"font-weight: 400;\">Tout litige en relation avec l\u2019utilisation du site<\/span><a href=\"https:\/\/nova-media.tv\/fr\/\"> <span style=\"font-weight: 400;\">www.nova-media.tv<\/span><\/a><span style=\"font-weight: 400;\"> est soumis au droit fran\u00e7ais et sera porter devant juridiction exclusive des tribunaux comp\u00e9tents de Nice.<\/span><\/p><p><span style=\"color: #333399;\"><b>IMPORTANT<\/b><\/span><b><br \/><\/b><span style=\"font-weight: 400;\">Toutes les informations pr\u00e9sentes sur ce site ont un caract\u00e8re indicatif et non contractuel.<\/span><\/p>\t\t\t\t\t\t<\/div>\n\t\t\t\t<\/div>\n\t\t\t\t\t<\/div>\n\t\t\t\t<\/div>\n\t\t\t\t<\/div>","protected":false},"excerpt":{"rendered":"<p>Legal Notice CORPORATE NAMENOVA MEDIA is a simplified joint-stock company (SAS) with a share capital of \u20ac10,000.Registered office: G7 PROM,7 Promenade des Anglais06000 Nice.Phone: +33 9 78 80 30 65Email: contact@nova-media.tvThe company is registered with the Nice Trade Register under SIRET number 980129068 00014, and VAT number: FR26980129068.The company is represented by SAS Nova Azur Technology, with a registered office at 5 rue Biscarra, 06000&#8230; <\/p>\n<p class=\"more\"><a class=\"more-link\" href=\"https:\/\/nova-media.tv\/fr\/legal-notices\/\">Read More<\/a><\/p>","protected":false},"author":1,"featured_media":0,"parent":0,"menu_order":0,"comment_status":"closed","ping_status":"closed","template":"","meta":{"inline_featured_image":false,"footnotes":""},"class_list":["post-2","page","type-page","status-publish","hentry","is-cat-link-borders-light is-cat-link-rounded"],"_links":{"self":[{"href":"https:\/\/nova-media.tv\/fr\/wp-json\/wp\/v2\/pages\/2","targetHints":{"allow":["GET"]}}],"collection":[{"href":"https:\/\/nova-media.tv\/fr\/wp-json\/wp\/v2\/pages"}],"about":[{"href":"https:\/\/nova-media.tv\/fr\/wp-json\/wp\/v2\/types\/page"}],"author":[{"embeddable":true,"href":"https:\/\/nova-media.tv\/fr\/wp-json\/wp\/v2\/users\/1"}],"replies":[{"embeddable":true,"href":"https:\/\/nova-media.tv\/fr\/wp-json\/wp\/v2\/comments?post=2"}],"version-history":[{"count":10,"href":"https:\/\/nova-media.tv\/fr\/wp-json\/wp\/v2\/pages\/2\/revisions"}],"predecessor-version":[{"id":14228,"href":"https:\/\/nova-media.tv\/fr\/wp-json\/wp\/v2\/pages\/2\/revisions\/14228"}],"wp:attachment":[{"href":"https:\/\/nova-media.tv\/fr\/wp-json\/wp\/v2\/media?parent=2"}],"curies":[{"name":"wp","href":"https:\/\/api.w.org\/{rel}","templated":true}]}}